{"id":12,"date":"2020-11-16T06:28:09","date_gmt":"2020-11-16T06:28:09","guid":{"rendered":"https:\/\/www.royan-ulm.fr\/mon-compte\/"},"modified":"2020-11-21T09:03:56","modified_gmt":"2020-11-21T09:03:56","slug":"mon-compte","status":"publish","type":"page","link":"https:\/\/www.royan-ulm.fr\/en\/mon-compte\/","title":{"rendered":"Mon compte"},"content":{"rendered":"<div class=\"woocommerce\"><\/div>","protected":false},"excerpt":{"rendered":"","protected":false},"author":1,"featured_media":0,"parent":0,"menu_order":0,"comment_status":"closed","ping_status":"closed","template":"","meta":{"footnotes":""},"class_list":["post-12","page","type-page","status-publish"],"yoast_head":"<!-- This site is optimized with the Yoast SEO plugin v27.5 - https:\/\/yoast.com\/product\/yoast-seo-wordpress\/ -->\n<title>Mon compte - Bapt\u00eame ULM \u00e0 Royan instructeur ulm<\/title>\n<meta name=\"robots\" content=\"index, follow, max-snippet:-1, max-image-preview:large, max-video-preview:-1\" \/>\n<link rel=\"canonical\" href=\"https:\/\/www.royan-ulm.fr\/en\/mon-compte\/\" \/>\n<meta property=\"og:locale\" content=\"en_GB\" \/>\n<meta property=\"og:type\" content=\"article\" \/>\n<meta property=\"og:title\" content=\"Mon compte - Bapt\u00eame ULM \u00e0 Royan instructeur ulm\" \/>\n<meta property=\"og:url\" content=\"https:\/\/www.royan-ulm.fr\/en\/mon-compte\/\" \/>\n<meta property=\"og:site_name\" content=\"Bapt\u00eame ULM \u00e0 Royan instructeur ulm\" \/>\n<meta property=\"article:modified_time\" content=\"2020-11-21T09:03:56+00:00\" \/>\n<meta property=\"og:image\" content=\"https:\/\/www.royan-ulm.fr\/wp-content\/uploads\/2021\/12\/circuit-ulm-leboncoin3.jpg\" \/>\n\t<meta property=\"og:image:width\" content=\"500\" \/>\n\t<meta property=\"og:image:height\" content=\"500\" \/>\n\t<meta property=\"og:image:type\" content=\"image\/jpeg\" \/>\n<meta name=\"twitter:card\" content=\"summary_large_image\" \/>\n<script type=\"application\/ld+json\" class=\"yoast-schema-graph\">{\"@context\":\"https:\\\/\\\/schema.org\",\"@graph\":[{\"@type\":\"WebPage\",\"@id\":\"https:\\\/\\\/www.royan-ulm.fr\\\/mon-compte\\\/\",\"url\":\"https:\\\/\\\/www.royan-ulm.fr\\\/mon-compte\\\/\",\"name\":\"Mon compte - Bapt\u00eame ULM \u00e0 Royan instructeur ulm\",\"isPartOf\":{\"@id\":\"https:\\\/\\\/www.royan-ulm.fr\\\/#website\"},\"datePublished\":\"2020-11-16T06:28:09+00:00\",\"dateModified\":\"2020-11-21T09:03:56+00:00\",\"breadcrumb\":{\"@id\":\"https:\\\/\\\/www.royan-ulm.fr\\\/mon-compte\\\/#breadcrumb\"},\"inLanguage\":\"en-GB\",\"potentialAction\":[{\"@type\":\"ReadAction\",\"target\":[\"https:\\\/\\\/www.royan-ulm.fr\\\/mon-compte\\\/\"]}]},{\"@type\":\"BreadcrumbList\",\"@id\":\"https:\\\/\\\/www.royan-ulm.fr\\\/mon-compte\\\/#breadcrumb\",\"itemListElement\":[{\"@type\":\"ListItem\",\"position\":1,\"name\":\"Accueil\",\"item\":\"https:\\\/\\\/www.royan-ulm.fr\\\/\"},{\"@type\":\"ListItem\",\"position\":2,\"name\":\"Mon compte\"}]},{\"@type\":\"WebSite\",\"@id\":\"https:\\\/\\\/www.royan-ulm.fr\\\/#website\",\"url\":\"https:\\\/\\\/www.royan-ulm.fr\\\/\",\"name\":\"Bapt\u00eame ULM \u00e0 Royan instructeur ulm\",\"description\":\"Airoc\u00e9an \u00e9cole pilote ULM et Brasseur de bi\u00e8res \u00e0 Corme-\u00e9cluse 17600\",\"publisher\":{\"@id\":\"https:\\\/\\\/www.royan-ulm.fr\\\/#organization\"},\"potentialAction\":[{\"@type\":\"SearchAction\",\"target\":{\"@type\":\"EntryPoint\",\"urlTemplate\":\"https:\\\/\\\/www.royan-ulm.fr\\\/?s={search_term_string}\"},\"query-input\":{\"@type\":\"PropertyValueSpecification\",\"valueRequired\":true,\"valueName\":\"search_term_string\"}}],\"inLanguage\":\"en-GB\"},{\"@type\":\"Organization\",\"@id\":\"https:\\\/\\\/www.royan-ulm.fr\\\/#organization\",\"name\":\"Airoc\u00e9an\",\"url\":\"https:\\\/\\\/www.royan-ulm.fr\\\/\",\"logo\":{\"@type\":\"ImageObject\",\"inLanguage\":\"en-GB\",\"@id\":\"https:\\\/\\\/www.royan-ulm.fr\\\/#\\\/schema\\\/logo\\\/image\\\/\",\"url\":\"https:\\\/\\\/www.royan-ulm.fr\\\/wp-content\\\/uploads\\\/2021\\\/12\\\/circuit-ulm-leboncoin3.jpg\",\"contentUrl\":\"https:\\\/\\\/www.royan-ulm.fr\\\/wp-content\\\/uploads\\\/2021\\\/12\\\/circuit-ulm-leboncoin3.jpg\",\"width\":500,\"height\":500,\"caption\":\"Airoc\u00e9an\"},\"image\":{\"@id\":\"https:\\\/\\\/www.royan-ulm.fr\\\/#\\\/schema\\\/logo\\\/image\\\/\"}}]}<\/script>\n<!-- \/ Yoast SEO plugin. -->","yoast_head_json":{"title":"Mon compte - Bapt\u00eame ULM \u00e0 Royan instructeur ulm","robots":{"index":"index","follow":"follow","max-snippet":"max-snippet:-1","max-image-preview":"max-image-preview:large","max-video-preview":"max-video-preview:-1"},"canonical":"https:\/\/www.royan-ulm.fr\/en\/mon-compte\/","og_locale":"en_GB","og_type":"article","og_title":"Mon compte - Bapt\u00eame ULM \u00e0 Royan instructeur ulm","og_url":"https:\/\/www.royan-ulm.fr\/en\/mon-compte\/","og_site_name":"Bapt\u00eame ULM \u00e0 Royan instructeur ulm","article_modified_time":"2020-11-21T09:03:56+00:00","og_image":[{"width":500,"height":500,"url":"https:\/\/www.royan-ulm.fr\/wp-content\/uploads\/2021\/12\/circuit-ulm-leboncoin3.jpg","type":"image\/jpeg"}],"twitter_card":"summary_large_image","schema":{"@context":"https:\/\/schema.org","@graph":[{"@type":"WebPage","@id":"https:\/\/www.royan-ulm.fr\/mon-compte\/","url":"https:\/\/www.royan-ulm.fr\/mon-compte\/","name":"Mon compte - Bapt\u00eame ULM \u00e0 Royan instructeur ulm","isPartOf":{"@id":"https:\/\/www.royan-ulm.fr\/#website"},"datePublished":"2020-11-16T06:28:09+00:00","dateModified":"2020-11-21T09:03:56+00:00","breadcrumb":{"@id":"https:\/\/www.royan-ulm.fr\/mon-compte\/#breadcrumb"},"inLanguage":"en-GB","potentialAction":[{"@type":"ReadAction","target":["https:\/\/www.royan-ulm.fr\/mon-compte\/"]}]},{"@type":"BreadcrumbList","@id":"https:\/\/www.royan-ulm.fr\/mon-compte\/#breadcrumb","itemListElement":[{"@type":"ListItem","position":1,"name":"Accueil","item":"https:\/\/www.royan-ulm.fr\/"},{"@type":"ListItem","position":2,"name":"Mon compte"}]},{"@type":"WebSite","@id":"https:\/\/www.royan-ulm.fr\/#website","url":"https:\/\/www.royan-ulm.fr\/","name":"Microlight baptism in Royan ulm instructor","description":"Airoc\u00e9an \u00e9cole pilote ULM et Brasseur de bi\u00e8res \u00e0 Corme-\u00e9cluse 17600","publisher":{"@id":"https:\/\/www.royan-ulm.fr\/#organization"},"potentialAction":[{"@type":"SearchAction","target":{"@type":"EntryPoint","urlTemplate":"https:\/\/www.royan-ulm.fr\/?s={search_term_string}"},"query-input":{"@type":"PropertyValueSpecification","valueRequired":true,"valueName":"search_term_string"}}],"inLanguage":"en-GB"},{"@type":"Organization","@id":"https:\/\/www.royan-ulm.fr\/#organization","name":"Airoc\u00e9an","url":"https:\/\/www.royan-ulm.fr\/","logo":{"@type":"ImageObject","inLanguage":"en-GB","@id":"https:\/\/www.royan-ulm.fr\/#\/schema\/logo\/image\/","url":"https:\/\/www.royan-ulm.fr\/wp-content\/uploads\/2021\/12\/circuit-ulm-leboncoin3.jpg","contentUrl":"https:\/\/www.royan-ulm.fr\/wp-content\/uploads\/2021\/12\/circuit-ulm-leboncoin3.jpg","width":500,"height":500,"caption":"Airoc\u00e9an"},"image":{"@id":"https:\/\/www.royan-ulm.fr\/#\/schema\/logo\/image\/"}}]}},"_links":{"self":[{"href":"https:\/\/www.royan-ulm.fr\/en\/wp-json\/wp\/v2\/pages\/12","targetHints":{"allow":["GET"]}}],"collection":[{"href":"https:\/\/www.royan-ulm.fr\/en\/wp-json\/wp\/v2\/pages"}],"about":[{"href":"https:\/\/www.royan-ulm.fr\/en\/wp-json\/wp\/v2\/types\/page"}],"author":[{"embeddable":true,"href":"https:\/\/www.royan-ulm.fr\/en\/wp-json\/wp\/v2\/users\/1"}],"replies":[{"embeddable":true,"href":"https:\/\/www.royan-ulm.fr\/en\/wp-json\/wp\/v2\/comments?post=12"}],"version-history":[{"count":0,"href":"https:\/\/www.royan-ulm.fr\/en\/wp-json\/wp\/v2\/pages\/12\/revisions"}],"wp:attachment":[{"href":"https:\/\/www.royan-ulm.fr\/en\/wp-json\/wp\/v2\/media?parent=12"}],"curies":[{"name":"wp","href":"https:\/\/api.w.org\/{rel}","templated":true}]}}