{"id":6968,"date":"2021-06-03T16:47:04","date_gmt":"2021-06-03T16:47:04","guid":{"rendered":"https:\/\/www.royan-ulm.fr\/?page_id=6968"},"modified":"2021-06-03T16:47:04","modified_gmt":"2021-06-03T16:47:04","slug":"cgv","status":"publish","type":"page","link":"https:\/\/www.royan-ulm.fr\/en\/cgv\/","title":{"rendered":"SITE T &amp; Cs"},"content":{"rendered":"<p>En cours de construction<\/p>","protected":false},"excerpt":{"rendered":"<p>En cours de construction<\/p>","protected":false},"author":1,"featured_media":0,"parent":0,"menu_order":0,"comment_status":"closed","ping_status":"closed","template":"","meta":{"footnotes":""},"class_list":["post-6968","page","type-page","status-publish"],"yoast_head":"<!-- This site is optimized with the Yoast SEO plugin v27.5 - https:\/\/yoast.com\/product\/yoast-seo-wordpress\/ -->\n<title>CGV - Bapt\u00eame ULM \u00e0 Royan instructeur ulm<\/title>\n<meta name=\"robots\" content=\"index, follow, max-snippet:-1, max-image-preview:large, max-video-preview:-1\" \/>\n<link rel=\"canonical\" href=\"https:\/\/www.royan-ulm.fr\/en\/cgv\/\" \/>\n<meta property=\"og:locale\" content=\"en_GB\" \/>\n<meta property=\"og:type\" content=\"article\" \/>\n<meta property=\"og:title\" content=\"CGV - Bapt\u00eame ULM \u00e0 Royan instructeur ulm\" \/>\n<meta property=\"og:description\" content=\"En cours de construction\" \/>\n<meta property=\"og:url\" content=\"https:\/\/www.royan-ulm.fr\/en\/cgv\/\" \/>\n<meta property=\"og:site_name\" content=\"Bapt\u00eame ULM \u00e0 Royan instructeur ulm\" \/>\n<meta property=\"og:image\" content=\"https:\/\/www.royan-ulm.fr\/wp-content\/uploads\/2021\/12\/circuit-ulm-leboncoin3.jpg\" \/>\n\t<meta property=\"og:image:width\" content=\"500\" \/>\n\t<meta property=\"og:image:height\" content=\"500\" \/>\n\t<meta property=\"og:image:type\" content=\"image\/jpeg\" \/>\n<meta name=\"twitter:card\" content=\"summary_large_image\" \/>\n<meta name=\"twitter:label1\" content=\"Estimated reading time\" \/>\n\t<meta name=\"twitter:data1\" content=\"1 minute\" \/>\n<script type=\"application\/ld+json\" class=\"yoast-schema-graph\">{\"@context\":\"https:\\\/\\\/schema.org\",\"@graph\":[{\"@type\":\"WebPage\",\"@id\":\"https:\\\/\\\/www.royan-ulm.fr\\\/cgv\\\/\",\"url\":\"https:\\\/\\\/www.royan-ulm.fr\\\/cgv\\\/\",\"name\":\"CGV - Bapt\u00eame ULM \u00e0 Royan instructeur ulm\",\"isPartOf\":{\"@id\":\"https:\\\/\\\/www.royan-ulm.fr\\\/#website\"},\"datePublished\":\"2021-06-03T16:47:04+00:00\",\"breadcrumb\":{\"@id\":\"https:\\\/\\\/www.royan-ulm.fr\\\/cgv\\\/#breadcrumb\"},\"inLanguage\":\"en-GB\",\"potentialAction\":[{\"@type\":\"ReadAction\",\"target\":[\"https:\\\/\\\/www.royan-ulm.fr\\\/cgv\\\/\"]}]},{\"@type\":\"BreadcrumbList\",\"@id\":\"https:\\\/\\\/www.royan-ulm.fr\\\/cgv\\\/#breadcrumb\",\"itemListElement\":[{\"@type\":\"ListItem\",\"position\":1,\"name\":\"Accueil\",\"item\":\"https:\\\/\\\/www.royan-ulm.fr\\\/\"},{\"@type\":\"ListItem\",\"position\":2,\"name\":\"CGV\"}]},{\"@type\":\"WebSite\",\"@id\":\"https:\\\/\\\/www.royan-ulm.fr\\\/#website\",\"url\":\"https:\\\/\\\/www.royan-ulm.fr\\\/\",\"name\":\"Bapt\u00eame ULM \u00e0 Royan instructeur ulm\",\"description\":\"Airoc\u00e9an \u00e9cole pilote ULM et Brasseur de bi\u00e8res \u00e0 Corme-\u00e9cluse 17600\",\"publisher\":{\"@id\":\"https:\\\/\\\/www.royan-ulm.fr\\\/#organization\"},\"potentialAction\":[{\"@type\":\"SearchAction\",\"target\":{\"@type\":\"EntryPoint\",\"urlTemplate\":\"https:\\\/\\\/www.royan-ulm.fr\\\/?s={search_term_string}\"},\"query-input\":{\"@type\":\"PropertyValueSpecification\",\"valueRequired\":true,\"valueName\":\"search_term_string\"}}],\"inLanguage\":\"en-GB\"},{\"@type\":\"Organization\",\"@id\":\"https:\\\/\\\/www.royan-ulm.fr\\\/#organization\",\"name\":\"Airoc\u00e9an\",\"url\":\"https:\\\/\\\/www.royan-ulm.fr\\\/\",\"logo\":{\"@type\":\"ImageObject\",\"inLanguage\":\"en-GB\",\"@id\":\"https:\\\/\\\/www.royan-ulm.fr\\\/#\\\/schema\\\/logo\\\/image\\\/\",\"url\":\"https:\\\/\\\/www.royan-ulm.fr\\\/wp-content\\\/uploads\\\/2021\\\/12\\\/circuit-ulm-leboncoin3.jpg\",\"contentUrl\":\"https:\\\/\\\/www.royan-ulm.fr\\\/wp-content\\\/uploads\\\/2021\\\/12\\\/circuit-ulm-leboncoin3.jpg\",\"width\":500,\"height\":500,\"caption\":\"Airoc\u00e9an\"},\"image\":{\"@id\":\"https:\\\/\\\/www.royan-ulm.fr\\\/#\\\/schema\\\/logo\\\/image\\\/\"}}]}<\/script>\n<!-- \/ Yoast SEO plugin. -->","yoast_head_json":{"title":"CGV - Bapt\u00eame ULM \u00e0 Royan instructeur ulm","robots":{"index":"index","follow":"follow","max-snippet":"max-snippet:-1","max-image-preview":"max-image-preview:large","max-video-preview":"max-video-preview:-1"},"canonical":"https:\/\/www.royan-ulm.fr\/en\/cgv\/","og_locale":"en_GB","og_type":"article","og_title":"CGV - Bapt\u00eame ULM \u00e0 Royan instructeur ulm","og_description":"En cours de construction","og_url":"https:\/\/www.royan-ulm.fr\/en\/cgv\/","og_site_name":"Bapt\u00eame ULM \u00e0 Royan instructeur ulm","og_image":[{"width":500,"height":500,"url":"https:\/\/www.royan-ulm.fr\/wp-content\/uploads\/2021\/12\/circuit-ulm-leboncoin3.jpg","type":"image\/jpeg"}],"twitter_card":"summary_large_image","twitter_misc":{"Estimated reading time":"1 minute"},"schema":{"@context":"https:\/\/schema.org","@graph":[{"@type":"WebPage","@id":"https:\/\/www.royan-ulm.fr\/cgv\/","url":"https:\/\/www.royan-ulm.fr\/cgv\/","name":"CGV - Bapt\u00eame ULM \u00e0 Royan instructeur ulm","isPartOf":{"@id":"https:\/\/www.royan-ulm.fr\/#website"},"datePublished":"2021-06-03T16:47:04+00:00","breadcrumb":{"@id":"https:\/\/www.royan-ulm.fr\/cgv\/#breadcrumb"},"inLanguage":"en-GB","potentialAction":[{"@type":"ReadAction","target":["https:\/\/www.royan-ulm.fr\/cgv\/"]}]},{"@type":"BreadcrumbList","@id":"https:\/\/www.royan-ulm.fr\/cgv\/#breadcrumb","itemListElement":[{"@type":"ListItem","position":1,"name":"Accueil","item":"https:\/\/www.royan-ulm.fr\/"},{"@type":"ListItem","position":2,"name":"CGV"}]},{"@type":"WebSite","@id":"https:\/\/www.royan-ulm.fr\/#website","url":"https:\/\/www.royan-ulm.fr\/","name":"Microlight baptism in Royan ulm instructor","description":"Airoc\u00e9an \u00e9cole pilote ULM et Brasseur de bi\u00e8res \u00e0 Corme-\u00e9cluse 17600","publisher":{"@id":"https:\/\/www.royan-ulm.fr\/#organization"},"potentialAction":[{"@type":"SearchAction","target":{"@type":"EntryPoint","urlTemplate":"https:\/\/www.royan-ulm.fr\/?s={search_term_string}"},"query-input":{"@type":"PropertyValueSpecification","valueRequired":true,"valueName":"search_term_string"}}],"inLanguage":"en-GB"},{"@type":"Organization","@id":"https:\/\/www.royan-ulm.fr\/#organization","name":"Airoc\u00e9an","url":"https:\/\/www.royan-ulm.fr\/","logo":{"@type":"ImageObject","inLanguage":"en-GB","@id":"https:\/\/www.royan-ulm.fr\/#\/schema\/logo\/image\/","url":"https:\/\/www.royan-ulm.fr\/wp-content\/uploads\/2021\/12\/circuit-ulm-leboncoin3.jpg","contentUrl":"https:\/\/www.royan-ulm.fr\/wp-content\/uploads\/2021\/12\/circuit-ulm-leboncoin3.jpg","width":500,"height":500,"caption":"Airoc\u00e9an"},"image":{"@id":"https:\/\/www.royan-ulm.fr\/#\/schema\/logo\/image\/"}}]}},"_links":{"self":[{"href":"https:\/\/www.royan-ulm.fr\/en\/wp-json\/wp\/v2\/pages\/6968","targetHints":{"allow":["GET"]}}],"collection":[{"href":"https:\/\/www.royan-ulm.fr\/en\/wp-json\/wp\/v2\/pages"}],"about":[{"href":"https:\/\/www.royan-ulm.fr\/en\/wp-json\/wp\/v2\/types\/page"}],"author":[{"embeddable":true,"href":"https:\/\/www.royan-ulm.fr\/en\/wp-json\/wp\/v2\/users\/1"}],"replies":[{"embeddable":true,"href":"https:\/\/www.royan-ulm.fr\/en\/wp-json\/wp\/v2\/comments?post=6968"}],"version-history":[{"count":1,"href":"https:\/\/www.royan-ulm.fr\/en\/wp-json\/wp\/v2\/pages\/6968\/revisions"}],"predecessor-version":[{"id":6970,"href":"https:\/\/www.royan-ulm.fr\/en\/wp-json\/wp\/v2\/pages\/6968\/revisions\/6970"}],"wp:attachment":[{"href":"https:\/\/www.royan-ulm.fr\/en\/wp-json\/wp\/v2\/media?parent=6968"}],"curies":[{"name":"wp","href":"https:\/\/api.w.org\/{rel}","templated":true}]}}